{"id":28,"date":"2025-12-26T07:28:31","date_gmt":"2025-12-26T07:28:31","guid":{"rendered":"https:\/\/angelinadreams.com\/?page_id=28"},"modified":"2026-03-08T14:55:31","modified_gmt":"2026-03-08T14:55:31","slug":"elementor-28","status":"publish","type":"page","link":"https:\/\/angelinadreams.com\/","title":{"rendered":"Home"},"content":{"rendered":"\t\t<div data-elementor-type=\"wp-post\" data-elementor-id=\"28\" class=\"elementor elementor-28\">\n\t\t\t\t<div class=\"elementor-element elementor-element-9e94978 e-flex e-con-boxed e-con e-parent\" data-id=\"9e94978\" data-element_type=\"container\">\n\t\t\t\t\t<div class=\"e-con-inner\">\n\t\t\t\t<div class=\"elementor-element elementor-element-9081f6d elementor-widget elementor-widget-heading\" data-id=\"9081f6d\" data-element_type=\"widget\" data-widget_type=\"heading.default\">\n\t\t\t\t\t<h2 class=\"elementor-heading-title elementor-size-default\">ANGELINA DREAMS<\/h2>\t\t\t\t<\/div>\n\t\t\t\t\t<\/div>\n\t\t\t\t<\/div>\n\t\t<div class=\"elementor-element elementor-element-7e779c9 e-flex e-con-boxed e-con e-parent\" data-id=\"7e779c9\" data-element_type=\"container\">\n\t\t\t\t\t<div class=\"e-con-inner\">\n\t\t\t\t<div class=\"elementor-element elementor-element-55b9801 elementor-widget elementor-widget-text-editor\" data-id=\"55b9801\" data-element_type=\"widget\" data-widget_type=\"text-editor.default\">\n\t\t\t\t\t\t\t\t\t<p>Tout commence le jour o\u00f9 une femme se choisit\u2026<br \/>N\u00e9e pour briller<\/p>\t\t\t\t\t\t\t\t<\/div>\n\t\t\t\t\t<\/div>\n\t\t\t\t<\/div>\n\t\t<div class=\"elementor-element elementor-element-0e1db16 e-flex e-con-boxed e-con e-parent\" data-id=\"0e1db16\" data-element_type=\"container\" data-settings=\"{&quot;background_background&quot;:&quot;gradient&quot;}\">\n\t\t\t\t\t<div class=\"e-con-inner\">\n\t\t\t\t<div class=\"elementor-element elementor-element-3ceeb09 elementor-widget elementor-widget-image\" data-id=\"3ceeb09\" data-element_type=\"widget\" data-widget_type=\"image.default\">\n\t\t\t\t\t\t\t\t\t\t\t\t\t\t\t<img fetchpriority=\"high\" decoding=\"async\" width=\"781\" height=\"1024\" src=\"https:\/\/angelinadreams.com\/wp-content\/uploads\/2025\/12\/photo-angelina-781x1024.jpeg\" class=\"attachment-large size-large wp-image-63\" alt=\"\" srcset=\"https:\/\/angelinadreams.com\/wp-content\/uploads\/2025\/12\/photo-angelina-781x1024.jpeg 781w, https:\/\/angelinadreams.com\/wp-content\/uploads\/2025\/12\/photo-angelina-229x300.jpeg 229w, https:\/\/angelinadreams.com\/wp-content\/uploads\/2025\/12\/photo-angelina-768x1006.jpeg 768w, https:\/\/angelinadreams.com\/wp-content\/uploads\/2025\/12\/photo-angelina-1172x1536.jpeg 1172w, https:\/\/angelinadreams.com\/wp-content\/uploads\/2025\/12\/photo-angelina.jpeg 1221w\" sizes=\"(max-width: 781px) 100vw, 781px\" \/>\t\t\t\t\t\t\t\t\t\t\t\t\t\t\t<\/div>\n\t\t\t\t<div class=\"elementor-element elementor-element-db31a1d elementor-widget elementor-widget-text-editor\" data-id=\"db31a1d\" data-element_type=\"widget\" data-widget_type=\"text-editor.default\">\n\t\t\t\t\t\t\t\t\t<p>Il y a eu l&#8217;\u00e9puisement et le doute, puis un jour j&#8217;ai d\u00e9cid\u00e9 de me choisir. Aujourd&#8217;hui j&#8217;avance align\u00e9e avec mes valeurs, mes limites et ma v\u00e9rit\u00e9. Mon univers c\u00e9l\u00e8bre l&#8217;authenticit\u00e9, la reconstruction et la renaissance d&#8217;une femme qui se choisit&#8230; et qui brille \u00e0 nouveau.<\/p>\t\t\t\t\t\t\t\t<\/div>\n\t\t\t\t\t<\/div>\n\t\t\t\t<\/div>\n\t\t<div class=\"elementor-element elementor-element-cf0434b e-con-full e-flex e-con e-parent\" data-id=\"cf0434b\" data-element_type=\"container\">\n\t\t\t\t<div class=\"elementor-element elementor-element-ff4b70e elementor-widget elementor-widget-image\" data-id=\"ff4b70e\" data-element_type=\"widget\" data-widget_type=\"image.default\">\n\t\t\t\t\t\t\t\t\t\t\t\t\t\t\t<img decoding=\"async\" width=\"1024\" height=\"194\" src=\"https:\/\/angelinadreams.com\/wp-content\/uploads\/2025\/12\/cle3.png\" class=\"attachment-large size-large wp-image-117\" alt=\"\" srcset=\"https:\/\/angelinadreams.com\/wp-content\/uploads\/2025\/12\/cle3.png 1024w, https:\/\/angelinadreams.com\/wp-content\/uploads\/2025\/12\/cle3-300x57.png 300w, https:\/\/angelinadreams.com\/wp-content\/uploads\/2025\/12\/cle3-768x146.png 768w\" sizes=\"(max-width: 1024px) 100vw, 1024px\" \/>\t\t\t\t\t\t\t\t\t\t\t\t\t\t\t<\/div>\n\t\t\t\t<\/div>\n\t\t<div class=\"elementor-element elementor-element-8a4ff24 e-flex e-con-boxed e-con e-parent\" data-id=\"8a4ff24\" data-element_type=\"container\">\n\t\t\t\t\t<div class=\"e-con-inner\">\n\t\t\t\t<div class=\"elementor-element elementor-element-637ca46 elementor-widget elementor-widget-heading\" data-id=\"637ca46\" data-element_type=\"widget\" data-widget_type=\"heading.default\">\n\t\t\t\t\t<h2 class=\"elementor-heading-title elementor-size-default\">PARTAGE ET SOUTIEN<\/h2>\t\t\t\t<\/div>\n\t\t<div class=\"elementor-element elementor-element-c3d68bd e-con-full e-flex e-con e-child\" data-id=\"c3d68bd\" data-element_type=\"container\">\n\t\t\t\t<div class=\"elementor-element elementor-element-dfae10f elementor-widget elementor-widget-button\" data-id=\"dfae10f\" data-element_type=\"widget\" data-widget_type=\"button.default\">\n\t\t\t\t\t\t\t\t\t\t<a class=\"elementor-button elementor-button-link elementor-size-sm\" href=\"https:\/\/www.instagram.com\/angelina.dreamsoff?igsh=aHcxajU5M2U1NjQy&#038;utm_source=qr\" target=\"_blank\">\n\t\t\t\t\t\t<span class=\"elementor-button-content-wrapper\">\n\t\t\t\t\t\t\t\t\t<span class=\"elementor-button-text\">Mon Mindset<\/span>\n\t\t\t\t\t<\/span>\n\t\t\t\t\t<\/a>\n\t\t\t\t\t\t\t\t<\/div>\n\t\t\t\t<div class=\"elementor-element elementor-element-be61c7e elementor-widget elementor-widget-button\" data-id=\"be61c7e\" data-element_type=\"widget\" data-widget_type=\"button.default\">\n\t\t\t\t\t\t\t\t\t\t<a class=\"elementor-button elementor-button-link elementor-size-sm\" href=\"https:\/\/www.tiktok.com\/@angelina.dreamsofficiel?_r=1&#038;_t=ZN-93wa4iLh9xT\" target=\"_blank\">\n\t\t\t\t\t\t<span class=\"elementor-button-content-wrapper\">\n\t\t\t\t\t\t\t\t\t<span class=\"elementor-button-text\">Mon Tiktok<\/span>\n\t\t\t\t\t<\/span>\n\t\t\t\t\t<\/a>\n\t\t\t\t\t\t\t\t<\/div>\n\t\t\t\t<div class=\"elementor-element elementor-element-767f8cb elementor-widget elementor-widget-button\" data-id=\"767f8cb\" data-element_type=\"widget\" data-widget_type=\"button.default\">\n\t\t\t\t\t\t\t\t\t\t<a class=\"elementor-button elementor-button-link elementor-size-sm\" href=\"https:\/\/www.instagram.com\/angelina.dreams?igsh=djkzOHA2OGRwbG5n&#038;utm_source=qr\" target=\"_blank\">\n\t\t\t\t\t\t<span class=\"elementor-button-content-wrapper\">\n\t\t\t\t\t\t\t\t\t<span class=\"elementor-button-text\">Mon Instagram<\/span>\n\t\t\t\t\t<\/span>\n\t\t\t\t\t<\/a>\n\t\t\t\t\t\t\t\t<\/div>\n\t\t\t\t<\/div>\n\t\t<div class=\"elementor-element elementor-element-3c3ad93 e-con-full e-flex e-con e-child\" data-id=\"3c3ad93\" data-element_type=\"container\">\n\t\t\t\t<div class=\"elementor-element elementor-element-01bdc20 elementor-widget elementor-widget-button\" data-id=\"01bdc20\" data-element_type=\"widget\" data-widget_type=\"button.default\">\n\t\t\t\t\t\t\t\t\t\t<a class=\"elementor-button elementor-button-link elementor-size-sm\" href=\"https:\/\/onlyfans.com\/angelinaxoff\" target=\"_blank\">\n\t\t\t\t\t\t<span class=\"elementor-button-content-wrapper\">\n\t\t\t\t\t\t\t\t\t<span class=\"elementor-button-text\">Espace priv\u00e9<\/span>\n\t\t\t\t\t<\/span>\n\t\t\t\t\t<\/a>\n\t\t\t\t\t\t\t\t<\/div>\n\t\t\t\t<div class=\"elementor-element elementor-element-9d97634 elementor-widget elementor-widget-button\" data-id=\"9d97634\" data-element_type=\"widget\" data-widget_type=\"button.default\">\n\t\t\t\t\t\t\t\t\t\t<a class=\"elementor-button elementor-button-link elementor-size-sm\" href=\"https:\/\/mym.fans\/Angelinadreams\" target=\"_blank\">\n\t\t\t\t\t\t<span class=\"elementor-button-content-wrapper\">\n\t\t\t\t\t\t\t\t\t<span class=\"elementor-button-text\">Mes shootings<\/span>\n\t\t\t\t\t<\/span>\n\t\t\t\t\t<\/a>\n\t\t\t\t\t\t\t\t<\/div>\n\t\t\t\t<div class=\"elementor-element elementor-element-bd7ff44 elementor-widget elementor-widget-button\" data-id=\"bd7ff44\" data-element_type=\"widget\" data-widget_type=\"button.default\">\n\t\t\t\t\t\t\t\t\t\t<a class=\"elementor-button elementor-button-link elementor-size-sm\" href=\"https:\/\/throne.com\/angelinadreams\" target=\"_blank\">\n\t\t\t\t\t\t<span class=\"elementor-button-content-wrapper\">\n\t\t\t\t\t\t\t\t\t<span class=\"elementor-button-text\">Ma Wishlist<\/span>\n\t\t\t\t\t<\/span>\n\t\t\t\t\t<\/a>\n\t\t\t\t\t\t\t\t<\/div>\n\t\t\t\t<\/div>\n\t\t<div class=\"elementor-element elementor-element-470683c e-con-full e-flex e-con e-child\" data-id=\"470683c\" data-element_type=\"container\">\n\t\t\t\t<div class=\"elementor-element elementor-element-3a795b0 elementor-widget elementor-widget-button\" data-id=\"3a795b0\" data-element_type=\"widget\" data-widget_type=\"button.default\">\n\t\t\t\t\t\t\t\t\t\t<a class=\"elementor-button elementor-button-link elementor-size-sm\" href=\"mailto:angelinadreamspart@gmail.com\" target=\"_blank\">\n\t\t\t\t\t\t<span class=\"elementor-button-content-wrapper\">\n\t\t\t\t\t\t\t\t\t<span class=\"elementor-button-text\">Partenariat<\/span>\n\t\t\t\t\t<\/span>\n\t\t\t\t\t<\/a>\n\t\t\t\t\t\t\t\t<\/div>\n\t\t\t\t<\/div>\n\t\t\t\t\t<\/div>\n\t\t\t\t<\/div>\n\t\t<div class=\"elementor-element elementor-element-506cc30 e-flex e-con-boxed e-con e-parent\" data-id=\"506cc30\" data-element_type=\"container\">\n\t\t\t\t\t<div class=\"e-con-inner\">\n\t\t\t\t\t<\/div>\n\t\t\t\t<\/div>\n\t\t\t\t<\/div>\n\t\t","protected":false},"excerpt":{"rendered":"<p>ANGELINA DREAMS Tout commence le jour o\u00f9 une femme se choisit\u2026N\u00e9e pour briller Il y a eu l&#8217;\u00e9puisement et le doute, puis un jour j&#8217;ai d\u00e9cid\u00e9 de me choisir. Aujourd&#8217;hui j&#8217;avance align\u00e9e avec mes valeurs, mes limites et ma v\u00e9rit\u00e9. Mon univers c\u00e9l\u00e8bre l&#8217;authenticit\u00e9, la reconstruction et la renaissance d&#8217;une femme qui se choisit&#8230; et [&hellip;]<\/p>\n","protected":false},"author":1,"featured_media":0,"parent":0,"menu_order":0,"comment_status":"closed","ping_status":"closed","template":"","meta":{"footnotes":""},"class_list":["post-28","page","type-page","status-publish","hentry"],"_links":{"self":[{"href":"https:\/\/angelinadreams.com\/index.php\/wp-json\/wp\/v2\/pages\/28","targetHints":{"allow":["GET"]}}],"collection":[{"href":"https:\/\/angelinadreams.com\/index.php\/wp-json\/wp\/v2\/pages"}],"about":[{"href":"https:\/\/angelinadreams.com\/index.php\/wp-json\/wp\/v2\/types\/page"}],"author":[{"embeddable":true,"href":"https:\/\/angelinadreams.com\/index.php\/wp-json\/wp\/v2\/users\/1"}],"replies":[{"embeddable":true,"href":"https:\/\/angelinadreams.com\/index.php\/wp-json\/wp\/v2\/comments?post=28"}],"version-history":[{"count":110,"href":"https:\/\/angelinadreams.com\/index.php\/wp-json\/wp\/v2\/pages\/28\/revisions"}],"predecessor-version":[{"id":179,"href":"https:\/\/angelinadreams.com\/index.php\/wp-json\/wp\/v2\/pages\/28\/revisions\/179"}],"wp:attachment":[{"href":"https:\/\/angelinadreams.com\/index.php\/wp-json\/wp\/v2\/media?parent=28"}],"curies":[{"name":"wp","href":"https:\/\/api.w.org\/{rel}","templated":true}]}}